{"id":2938,"date":"2015-10-21T08:44:06","date_gmt":"2015-10-21T08:44:06","guid":{"rendered":"http:\/\/cmdvitorborges.com\/teste\/index.php\/clinica-2\/"},"modified":"2015-11-27T11:37:12","modified_gmt":"2015-11-27T11:37:12","slug":"clinica-2","status":"publish","type":"page","link":"http:\/\/www.cmdvitorborges.com\/index.php\/clinica-2\/","title":{"rendered":"Cl\u00ednica"},"content":{"rendered":"<div class=\"mt_style_row \" style='  text-align:left;'><div class=\"container mt-madza-container\"><div class=\"row\"><div class=\"wpb_column vc_column_container vc_col-sm-3\"><div class=\"wpb_wrapper\">\n\t<div class=\"wpb_text_column wpb_content_element \">\n\t\t<div class=\"wpb_wrapper\">\n\t\t\t<h3>Fundada pelo seu actual director cl\u00ednico, o nosso estabelecimento de sa\u00fade conta com mais de 20 anos de exist\u00eancia.<\/h3>\n\n\t\t<\/div>\n\t<\/div>\n\n\t<div class=\"wpb_text_column wpb_content_element \">\n\t\t<div class=\"wpb_wrapper\">\n\t\t\t<h3>As instala\u00e7\u00f5es foram recentemente ampliadas e espa\u00e7o foi elegantemente projectado e modernamente equipado, de forma a permitir a todos os pacientes excelentes condi\u00e7\u00f5es.<\/h3>\n\n\t\t<\/div>\n\t<\/div>\n\n\t<div class=\"wpb_text_column wpb_content_element \">\n\t\t<div class=\"wpb_wrapper\">\n\t\t\t<h3>As nossas instala\u00e7\u00f5es s\u00e3o constitu\u00eddas por 5 gabinetes m\u00e9dicos a funcionar em simult\u00e2neo.<br \/>\nEquipados com as mais avan\u00e7adas tecnologias e meios diagn\u00f3sticos actualizados, incluindo ainda no interior do seu espa\u00e7o um laborat\u00f3rio de pr\u00f3tese dent\u00e1ria, com equipamento de topo.<\/h3>\n<h3><\/h3>\n\n\t\t<\/div>\n\t<\/div>\n\n\t<div class=\"wpb_text_column wpb_content_element \">\n\t\t<div class=\"wpb_wrapper\">\n\t\t\t<h3>Existe uma zona de esteriliza\u00e7\u00e3o exclusiva, obedecendo aos mais rigorosos crit\u00e9rios de higiene e desinfe\u00e7\u00e3o.<\/h3>\n\n\t\t<\/div>\n\t<\/div>\n<\/div><\/div><div class=\"wpb_column vc_column_container vc_col-sm-9\"><div class=\"wpb_wrapper\">\n\t<div class=\"wpb_text_column wpb_content_element \">\n\t\t<div class=\"wpb_wrapper\">\n\t\t\t<div align=\"center\">\n<table style=\"width: 90%; border: 0px; padding: 0px;\" border=\"0\" width=\"90%\" cellspacing=\"0\" cellpadding=\"0\" align=\"center\">\n<tbody>\n<tr>\n<td align=\"center\"><!-- index.php -->\n<div\n\tclass=\"ngg-galleryoverview ngg-ajax-pagination-none\"\n\tid=\"ngg-gallery-e1979eb5e5a22bc69800acdf73d56911-1\">\n\n    \t\t<!-- Thumbnails -->\n\t\t\t\t<div id=\"ngg-image-0\" class=\"ngg-gallery-thumbnail-box\" >\n\t\t\t\t        <div class=\"ngg-gallery-thumbnail\">\n            <a href=\"http:\/\/www.cmdvitorborges.com\/wp-content\/gallery\/clinica\/2.jpg\"\n               title=\"\"\n               data-src=\"http:\/\/www.cmdvitorborges.com\/wp-content\/gallery\/clinica\/2.jpg\"\n               data-thumbnail=\"http:\/\/www.cmdvitorborges.com\/wp-content\/gallery\/clinica\/thumbs\/thumbs_2.jpg\"\n               data-image-id=\"1\"\n               data-title=\"2\"\n               data-description=\"\"\n               data-image-slug=\"2-2\"\n               class=\"ngg-fancybox\" rel=\"e1979eb5e5a22bc69800acdf73d56911\">\n                <img\n                    title=\"2\"\n                    alt=\"2\"\n                    src=\"http:\/\/www.cmdvitorborges.com\/wp-content\/gallery\/clinica\/thumbs\/thumbs_2.jpg\"\n                    width=\"240\"\n                    height=\"160\"\n                    style=\"max-width:100%;\"\n                \/>\n            <\/a>\n        <\/div>\n\t\t\t\t\t\t\t<\/div> \n\t\t\t\n                            \n\t\t\t\t<div id=\"ngg-image-1\" class=\"ngg-gallery-thumbnail-box\" >\n\t\t\t\t        <div class=\"ngg-gallery-thumbnail\">\n            <a href=\"http:\/\/www.cmdvitorborges.com\/wp-content\/gallery\/clinica\/1.jpg\"\n               title=\"\"\n               data-src=\"http:\/\/www.cmdvitorborges.com\/wp-content\/gallery\/clinica\/1.jpg\"\n               data-thumbnail=\"http:\/\/www.cmdvitorborges.com\/wp-content\/gallery\/clinica\/thumbs\/thumbs_1.jpg\"\n               data-image-id=\"2\"\n               data-title=\"1\"\n               data-description=\"\"\n               data-image-slug=\"1-2\"\n               class=\"ngg-fancybox\" rel=\"e1979eb5e5a22bc69800acdf73d56911\">\n                <img\n                    title=\"1\"\n                    alt=\"1\"\n                    src=\"http:\/\/www.cmdvitorborges.com\/wp-content\/gallery\/clinica\/thumbs\/thumbs_1.jpg\"\n                    width=\"240\"\n                    height=\"160\"\n                    style=\"max-width:100%;\"\n                \/>\n            <\/a>\n        <\/div>\n\t\t\t\t\t\t\t<\/div> \n\t\t\t\n                            \n\t\t\t\t<div id=\"ngg-image-2\" class=\"ngg-gallery-thumbnail-box\" >\n\t\t\t\t        <div class=\"ngg-gallery-thumbnail\">\n            <a href=\"http:\/\/www.cmdvitorborges.com\/wp-content\/gallery\/clinica\/01.jpg\"\n               title=\"\"\n               data-src=\"http:\/\/www.cmdvitorborges.com\/wp-content\/gallery\/clinica\/01.jpg\"\n               data-thumbnail=\"http:\/\/www.cmdvitorborges.com\/wp-content\/gallery\/clinica\/thumbs\/thumbs_01.jpg\"\n               data-image-id=\"14\"\n               data-title=\"01\"\n               data-description=\"\"\n               data-image-slug=\"01-1\"\n               class=\"ngg-fancybox\" rel=\"e1979eb5e5a22bc69800acdf73d56911\">\n                <img\n                    title=\"01\"\n                    alt=\"01\"\n                    src=\"http:\/\/www.cmdvitorborges.com\/wp-content\/gallery\/clinica\/thumbs\/thumbs_01.jpg\"\n                    width=\"240\"\n                    height=\"160\"\n                    style=\"max-width:100%;\"\n                \/>\n            <\/a>\n        <\/div>\n\t\t\t\t\t\t\t<\/div> \n\t\t\t\n                            \n\t\t\t\t<div id=\"ngg-image-3\" class=\"ngg-gallery-thumbnail-box\" >\n\t\t\t\t        <div class=\"ngg-gallery-thumbnail\">\n            <a href=\"http:\/\/www.cmdvitorborges.com\/wp-content\/gallery\/clinica\/02.jpg\"\n               title=\"\"\n               data-src=\"http:\/\/www.cmdvitorborges.com\/wp-content\/gallery\/clinica\/02.jpg\"\n               data-thumbnail=\"http:\/\/www.cmdvitorborges.com\/wp-content\/gallery\/clinica\/thumbs\/thumbs_02.jpg\"\n               data-image-id=\"15\"\n               data-title=\"02\"\n               data-description=\"\"\n               data-image-slug=\"02\"\n               class=\"ngg-fancybox\" rel=\"e1979eb5e5a22bc69800acdf73d56911\">\n                <img\n                    title=\"02\"\n                    alt=\"02\"\n                    src=\"http:\/\/www.cmdvitorborges.com\/wp-content\/gallery\/clinica\/thumbs\/thumbs_02.jpg\"\n                    width=\"240\"\n                    height=\"160\"\n                    style=\"max-width:100%;\"\n                \/>\n            <\/a>\n        <\/div>\n\t\t\t\t\t\t\t<\/div> \n\t\t\t\n                                    <br style=\"clear: both\" \/>\n                    \n\t\t\t\t<div id=\"ngg-image-4\" class=\"ngg-gallery-thumbnail-box\" >\n\t\t\t\t        <div class=\"ngg-gallery-thumbnail\">\n            <a href=\"http:\/\/www.cmdvitorborges.com\/wp-content\/gallery\/clinica\/03.jpg\"\n               title=\"\"\n               data-src=\"http:\/\/www.cmdvitorborges.com\/wp-content\/gallery\/clinica\/03.jpg\"\n               data-thumbnail=\"http:\/\/www.cmdvitorborges.com\/wp-content\/gallery\/clinica\/thumbs\/thumbs_03.jpg\"\n               data-image-id=\"16\"\n               data-title=\"03\"\n               data-description=\"\"\n               data-image-slug=\"03\"\n               class=\"ngg-fancybox\" rel=\"e1979eb5e5a22bc69800acdf73d56911\">\n                <img\n                    title=\"03\"\n                    alt=\"03\"\n                    src=\"http:\/\/www.cmdvitorborges.com\/wp-content\/gallery\/clinica\/thumbs\/thumbs_03.jpg\"\n                    width=\"240\"\n                    height=\"160\"\n                    style=\"max-width:100%;\"\n                \/>\n            <\/a>\n        <\/div>\n\t\t\t\t\t\t\t<\/div> \n\t\t\t\n                            \n\t\t\t\t<div id=\"ngg-image-5\" class=\"ngg-gallery-thumbnail-box\" >\n\t\t\t\t        <div class=\"ngg-gallery-thumbnail\">\n            <a href=\"http:\/\/www.cmdvitorborges.com\/wp-content\/gallery\/clinica\/04.jpg\"\n               title=\"\"\n               data-src=\"http:\/\/www.cmdvitorborges.com\/wp-content\/gallery\/clinica\/04.jpg\"\n               data-thumbnail=\"http:\/\/www.cmdvitorborges.com\/wp-content\/gallery\/clinica\/thumbs\/thumbs_04.jpg\"\n               data-image-id=\"17\"\n               data-title=\"04\"\n               data-description=\"\"\n               data-image-slug=\"04\"\n               class=\"ngg-fancybox\" rel=\"e1979eb5e5a22bc69800acdf73d56911\">\n                <img\n                    title=\"04\"\n                    alt=\"04\"\n                    src=\"http:\/\/www.cmdvitorborges.com\/wp-content\/gallery\/clinica\/thumbs\/thumbs_04.jpg\"\n                    width=\"240\"\n                    height=\"160\"\n                    style=\"max-width:100%;\"\n                \/>\n            <\/a>\n        <\/div>\n\t\t\t\t\t\t\t<\/div> \n\t\t\t\n                            \n\t\t\t\t<div id=\"ngg-image-6\" class=\"ngg-gallery-thumbnail-box\" >\n\t\t\t\t        <div class=\"ngg-gallery-thumbnail\">\n            <a href=\"http:\/\/www.cmdvitorborges.com\/wp-content\/gallery\/clinica\/05.jpg\"\n               title=\"\"\n               data-src=\"http:\/\/www.cmdvitorborges.com\/wp-content\/gallery\/clinica\/05.jpg\"\n               data-thumbnail=\"http:\/\/www.cmdvitorborges.com\/wp-content\/gallery\/clinica\/thumbs\/thumbs_05.jpg\"\n               data-image-id=\"18\"\n               data-title=\"05\"\n               data-description=\"\"\n               data-image-slug=\"05\"\n               class=\"ngg-fancybox\" rel=\"e1979eb5e5a22bc69800acdf73d56911\">\n                <img\n                    title=\"05\"\n                    alt=\"05\"\n                    src=\"http:\/\/www.cmdvitorborges.com\/wp-content\/gallery\/clinica\/thumbs\/thumbs_05.jpg\"\n                    width=\"240\"\n                    height=\"160\"\n                    style=\"max-width:100%;\"\n                \/>\n            <\/a>\n        <\/div>\n\t\t\t\t\t\t\t<\/div> \n\t\t\t\n                            \n\t\t\t\t<div id=\"ngg-image-7\" class=\"ngg-gallery-thumbnail-box\" >\n\t\t\t\t        <div class=\"ngg-gallery-thumbnail\">\n            <a href=\"http:\/\/www.cmdvitorborges.com\/wp-content\/gallery\/clinica\/06.jpg\"\n               title=\"\"\n               data-src=\"http:\/\/www.cmdvitorborges.com\/wp-content\/gallery\/clinica\/06.jpg\"\n               data-thumbnail=\"http:\/\/www.cmdvitorborges.com\/wp-content\/gallery\/clinica\/thumbs\/thumbs_06.jpg\"\n               data-image-id=\"19\"\n               data-title=\"06\"\n               data-description=\"\"\n               data-image-slug=\"06\"\n               class=\"ngg-fancybox\" rel=\"e1979eb5e5a22bc69800acdf73d56911\">\n                <img\n                    title=\"06\"\n                    alt=\"06\"\n                    src=\"http:\/\/www.cmdvitorborges.com\/wp-content\/gallery\/clinica\/thumbs\/thumbs_06.jpg\"\n                    width=\"240\"\n                    height=\"160\"\n                    style=\"max-width:100%;\"\n                \/>\n            <\/a>\n        <\/div>\n\t\t\t\t\t\t\t<\/div> \n\t\t\t\n                                    <br style=\"clear: both\" \/>\n                    \n\t\t\t\t<div id=\"ngg-image-8\" class=\"ngg-gallery-thumbnail-box\" >\n\t\t\t\t        <div class=\"ngg-gallery-thumbnail\">\n            <a href=\"http:\/\/www.cmdvitorborges.com\/wp-content\/gallery\/clinica\/07.jpg\"\n               title=\"\"\n               data-src=\"http:\/\/www.cmdvitorborges.com\/wp-content\/gallery\/clinica\/07.jpg\"\n               data-thumbnail=\"http:\/\/www.cmdvitorborges.com\/wp-content\/gallery\/clinica\/thumbs\/thumbs_07.jpg\"\n               data-image-id=\"20\"\n               data-title=\"07\"\n               data-description=\"\"\n               data-image-slug=\"07\"\n               class=\"ngg-fancybox\" rel=\"e1979eb5e5a22bc69800acdf73d56911\">\n                <img\n                    title=\"07\"\n                    alt=\"07\"\n                    src=\"http:\/\/www.cmdvitorborges.com\/wp-content\/gallery\/clinica\/thumbs\/thumbs_07.jpg\"\n                    width=\"240\"\n                    height=\"160\"\n                    style=\"max-width:100%;\"\n                \/>\n            <\/a>\n        <\/div>\n\t\t\t\t\t\t\t<\/div> \n\t\t\t\n                            \n\t\t\t\t<div id=\"ngg-image-9\" class=\"ngg-gallery-thumbnail-box\" >\n\t\t\t\t        <div class=\"ngg-gallery-thumbnail\">\n            <a href=\"http:\/\/www.cmdvitorborges.com\/wp-content\/gallery\/clinica\/09.jpg\"\n               title=\"\"\n               data-src=\"http:\/\/www.cmdvitorborges.com\/wp-content\/gallery\/clinica\/09.jpg\"\n               data-thumbnail=\"http:\/\/www.cmdvitorborges.com\/wp-content\/gallery\/clinica\/thumbs\/thumbs_09.jpg\"\n               data-image-id=\"22\"\n               data-title=\"09\"\n               data-description=\"\"\n               data-image-slug=\"09\"\n               class=\"ngg-fancybox\" rel=\"e1979eb5e5a22bc69800acdf73d56911\">\n                <img\n                    title=\"09\"\n                    alt=\"09\"\n                    src=\"http:\/\/www.cmdvitorborges.com\/wp-content\/gallery\/clinica\/thumbs\/thumbs_09.jpg\"\n                    width=\"240\"\n                    height=\"160\"\n                    style=\"max-width:100%;\"\n                \/>\n            <\/a>\n        <\/div>\n\t\t\t\t\t\t\t<\/div> \n\t\t\t\n                            \n\t\t\n\t\t<!-- Pagination -->\n\t<div class='ngg-clear'><\/div>\t<\/div>\n<\/td>\n<\/tr>\n<\/tbody>\n<\/table>\n<\/div>\n\n\t\t<\/div>\n\t<\/div>\n<\/div><\/div><\/div><\/div><\/div><div class=\"mt_style_row \" style='  text-align:left;'><div class=\"container mt-madza-container\"><div class=\"row\"><div class=\"wpb_column vc_column_container vc_col-sm-10\"><div class=\"wpb_wrapper\"><\/div><\/div><div class=\"wpb_column vc_column_container vc_col-sm-2\"><div class=\"wpb_wrapper\"><\/div><\/div><\/div><\/div><\/div>\n","protected":false},"excerpt":{"rendered":"Fundada pelo seu actual director cl\u00ednico, o nosso estabelecimento de sa\u00fade conta com mais de 20 anos de exist\u00eancia. As instala\u00e7\u00f5es foram recentemente ampliadas e espa\u00e7o foi elegantemente projectado e modernamente equipado, de forma a permitir a todos os pacientes excelentes condi\u00e7\u00f5es. As nossas instala\u00e7\u00f5es s\u00e3o constitu\u00eddas por 5 gabinetes m\u00e9dicos a funcionar em simult\u00e2neo. Equipados com as mais avan\u00e7adas tecnologias e meios diagn\u00f3sticos actualizados, incluindo ainda no interior do seu espa\u00e7o um laborat\u00f3rio de pr\u00f3tese dent\u00e1ria, com equipamento de topo. Existe uma zona de esteriliza\u00e7\u00e3o exclusiva, obedecendo aos mais rigorosos crit\u00e9rios de higiene e desinfe\u00e7\u00e3o.","protected":false},"author":101011,"featured_media":0,"parent":0,"menu_order":0,"comment_status":"closed","ping_status":"closed","template":"","meta":{"ngg_post_thumbnail":0},"_links":{"self":[{"href":"http:\/\/www.cmdvitorborges.com\/index.php\/wp-json\/wp\/v2\/pages\/2938"}],"collection":[{"href":"http:\/\/www.cmdvitorborges.com\/index.php\/wp-json\/wp\/v2\/pages"}],"about":[{"href":"http:\/\/www.cmdvitorborges.com\/index.php\/wp-json\/wp\/v2\/types\/page"}],"author":[{"embeddable":true,"href":"http:\/\/www.cmdvitorborges.com\/index.php\/wp-json\/wp\/v2\/users\/101011"}],"replies":[{"embeddable":true,"href":"http:\/\/www.cmdvitorborges.com\/index.php\/wp-json\/wp\/v2\/comments?post=2938"}],"version-history":[{"count":13,"href":"http:\/\/www.cmdvitorborges.com\/index.php\/wp-json\/wp\/v2\/pages\/2938\/revisions"}],"predecessor-version":[{"id":3185,"href":"http:\/\/www.cmdvitorborges.com\/index.php\/wp-json\/wp\/v2\/pages\/2938\/revisions\/3185"}],"wp:attachment":[{"href":"http:\/\/www.cmdvitorborges.com\/index.php\/wp-json\/wp\/v2\/media?parent=2938"}],"curies":[{"name":"wp","href":"https:\/\/api.w.org\/{rel}","templated":true}]}}